{"id":125,"date":"2024-12-21T08:51:23","date_gmt":"2024-12-21T08:51:23","guid":{"rendered":""},"modified":"2025-04-08T14:52:02","modified_gmt":"2025-04-08T12:52:02","slug":"kalkulator-kredytow-gotowkowych","status":"publish","type":"page","link":"https:\/\/piggybox.pl\/uk\/","title":{"rendered":"\u041a\u0440\u0435\u0434\u0438\u0442\u0438 \u0433\u043e\u0442\u0456\u0432\u043a\u043e\u044e"},"content":{"rendered":"<div data-elementor-type=\"wp-page\" data-elementor-id=\"125\" class=\"elementor elementor-125\" data-elementor-post-type=\"page\">\n\t\t\t\t<div class=\"elementor-element elementor-element-99780fc e-flex e-con-boxed e-con e-parent\" data-id=\"99780fc\" data-element_type=\"container\" data-settings=\"{&quot;background_background&quot;:&quot;classic&quot;}\">\n\t\t\t\t\t<div class=\"e-con-inner\">\n\t\t<div class=\"elementor-element elementor-element-bdf9f59 e-flex e-con-boxed e-con e-child\" data-id=\"bdf9f59\" data-element_type=\"container\">\n\t\t\t\t\t<div class=\"e-con-inner\">\n\t\t<div class=\"elementor-element elementor-element-df8c49f e-con-full e-flex e-con e-child\" data-id=\"df8c49f\" data-element_type=\"container\">\n\t\t\t\t<div class=\"elementor-element elementor-element-3c2444b elementor-widget elementor-widget-heading\" data-id=\"3c2444b\" data-element_type=\"widget\" data-widget_type=\"heading.default\">\n\t\t\t\t<div class=\"elementor-widget-container\">\n\t\t\t\t\t<h1 class=\"elementor-heading-title elementor-size-default\">\u041a\u0440\u0435\u0434\u0438\u0442\u0438 \u0433\u043e\u0442\u0456\u0432\u043a\u043e\u044e<\/h1>\t\t\t\t<\/div>\n\t\t\t\t<\/div>\n\t\t\t\t<\/div>\n\t\t\t\t\t<\/div>\n\t\t\t\t<\/div>\n\t\t\t\t\t<\/div>\n\t\t\t\t<\/div>\n\t\t<div class=\"elementor-element elementor-element-f2983a7 e-flex e-con-boxed e-con e-parent\" data-id=\"f2983a7\" data-element_type=\"container\">\n\t\t\t\t\t<div class=\"e-con-inner\">\n\t\t\t\t<div class=\"elementor-element elementor-element-79104e2 elementor-widget elementor-widget-shortcode\" data-id=\"79104e2\" data-element_type=\"widget\" data-widget_type=\"shortcode.default\">\n\t\t\t\t<div class=\"elementor-widget-container\">\n\t\t\t\t\t\t\t<div class=\"elementor-shortcode\">    <div id=\"pkgComparator\" class=\"calc-mortgage-calculator\" v-cloak>\n        <!-- Komunikat o b\u0142\u0119dzie -->\n        <div class=\"calc-error-message\" :class=\"{ active: error }\">\n            {{ \u043f\u043e\u043c\u0438\u043b\u043a\u0430}}\n        <\/div>\n\n        <div class=\"calc-input-grid\">\n            <!-- Kwota kredytu -->\n            <div class=\"calc-form-group\">\n                <label>\u0421\u0443\u043c\u0430 \u043a\u0440\u0435\u0434\u0438\u0442\u0443 (\u0437\u043b\u043e\u0442\u0438\u0445):<\/label>\n                <input type=\"number\" \n                       name=\"amount\"\n                       v-model.number=\"input.amount\" \n                       step=\"1000\"\n                       min=\"1000\">\n            <\/div>\n            \n            <!-- Okres kredytowania -->\n            <div class=\"calc-form-group\">\n                <label>\u041f\u0435\u0440\u0456\u043e\u0434 \u043a\u0440\u0435\u0434\u0438\u0442\u0443\u0432\u0430\u043d\u043d\u044f (\u043c\u0456\u0441\u044f\u0446\u0456):<\/label>\n                <input type=\"number\" \n                       name=\"period\"\n                       v-model.number=\"input.period\" \n                       step=\"12\"\n                       min=\"12\">\n            <\/div>\n\n            <!-- Przycisk por\u00f3wnaj -->\n            <div class=\"calc-form-group\">\n                <button class=\"pkg-compare-button\" @click=\"compareOffers\">\n                    \u041f\u043e\u0440\u0456\u0432\u043d\u044f\u0442\u0438 \u043f\u0440\u043e\u043f\u043e\u0437\u0438\u0446\u0456\u0457\n                <\/button>\n            <\/div>\n        <\/div>\n\n        <!-- Sekcja wynik\u00f3w -->\n        <div v-if=\"loading\" class=\"pkg-loading-wrapper\">\n            <div id=\"pkgLoadingAnimation\" class=\"pkg-loading-animation\"><\/div>\n        <\/div>\n\n        <!-- Lista ofert -->\n        <div class=\"pkg-offers-list\" v-else-if=\"offers.length\">\n            <div class=\"pkg-sort-options\">\n                <select v-model=\"sortBy\" class=\"pkg-sort-select\" @change=\"handleSortChange\">\n                    <option value=\"aprc\">\u0421\u043e\u0440\u0442\u0443\u0432\u0430\u0442\u0438 \u043f\u043e: RRSO<\/option>\n                    <option value=\"bank_name\">\u0421\u043e\u0440\u0442\u0443\u0432\u0430\u0442\u0438 \u043f\u043e: \u0411\u0430\u043d\u043a\u0438 \u0432\u0456\u0434 \u0410 \u0434\u043e \u042f<\/option>\n                <\/select>\n            <\/div>\n\n            <div class=\"pkg-offer-card\" v-for=\"(offer, index) in sortedOffers\" :key=\"offer.product_id\">\n                <div class=\"pkg-offer-position\">{{ index + 1 }}<\/div>\n                <div class=\"pkg-offer-header\">\n                    <img :src=\"offer.logo_url\" :alt=\"offer.bank_name\" class=\"pkg-bank-logo\">\n                    <div class=\"title-wrapper\">\n                    <h3>{{ offer.product_name }}<\/h3>\n                    <div class=\"pkg-bank-name\">{{ offer.bank_name }}<\/div>\n                    <\/div>\n                    <button class=\"pkg-select-button pkg-select-button-top\" @click=\"selectOffer(offer)\">\n                        \u041f\u043e\u0434\u0430\u0442\u0438 \u0437\u0430\u044f\u0432\u043a\u0443\n                    <\/button>\n                <\/div>\n                \n                <div class=\"pkg-offer-details\">\n                    <div class=\"pkg-detail-item\">\n                        <span class=\"pkg-detail-label\">\u0417\u0430\u0433\u0430\u043b\u044c\u043d\u0430 \u0441\u0443\u043c\u0430 \u0434\u043e \u043f\u043e\u0433\u0430\u0448\u0435\u043d\u043d\u044f:<\/span>\n                        <span class=\"pkg-detail-value\">{{ formatCurrency(offer.total_amount) }}<\/span>\n                    <\/div>\n                    <div class=\"pkg-detail-item\">\n                        <span class=\"pkg-detail-label\">\u041a\u043e\u043c\u0456\u0441\u0456\u044f:<\/span>\n                        <span class=\"pkg-detail-value\">{{ offer.commission_percent }}%<\/span>\n                    <\/div>\n                    <div class=\"pkg-detail-item\">\n                        <span class=\"pkg-detail-label\">RRS:<\/span>\n                        <span class=\"pkg-detail-value\">{{ offer.aprc }}%<\/span>\n                    <\/div>\n                    <div class=\"pkg-detail-item\">\n                        <span class=\"pkg-detail-label\">\u0429\u043e\u043c\u0456\u0441\u044f\u0447\u043d\u0438\u0439 \u043f\u043b\u0430\u0442\u0456\u0436:<\/span>\n                        <span class=\"pkg-detail-value\">{{ getInstallmentDisplay(offer) }}<\/span>\n                    <\/div>\n                <\/div>\n\n                <div class=\"pkg-card-footer\">\n                    <div class=\"pkg-sponsored-badge\" v-if=\"offer.is_sponsored\">\u0421\u043f\u043e\u043d\u0441\u043e\u0440\u0441\u044c\u043a\u0430 \u043f\u0440\u043e\u043f\u043e\u0437\u0438\u0446\u0456\u044f<\/div>\n                    <button class=\"pkg-details-toggle\" @click=\"toggleDetails(offer)\">\n                        <span>{{ isDetailsVisible(offer) ? '\u041f\u0440\u0438\u0445\u043e\u0432\u0430\u0442\u0438 \u0434\u0435\u0442\u0430\u043b\u0456' : '\u041f\u043e\u043a\u0430\u0437\u0430\u0442\u0438 \u0434\u0435\u0442\u0430\u043b\u0456' }}<\/span>\n                        <span class=\"pkg-details-icon\" :class=\"{ 'is-expanded': isDetailsVisible(offer) }\">\u25bc<\/span>\n                    <\/button>\n                <\/div>\n\n                <div class=\"pkg-offer-full-details\" :class=\"{ 'pkg-details-visible': isDetailsVisible(offer) }\" v-show=\"isDetailsVisible(offer)\">\n                    <div class=\"pkg-full-detail-grid\">\n                        <div class=\"pkg-full-detail-item\">\n                            <span class=\"pkg-detail-label\">\u041d\u043e\u043c\u0456\u043d\u0430\u043b\u044c\u043d\u0430 \u043f\u0440\u043e\u0446\u0435\u043d\u0442\u043d\u0430 \u0441\u0442\u0430\u0432\u043a\u0430:<\/span>\n                            <span class=\"pkg-detail-value\">{{ offer.nominal_interest_rate }}%<\/span>\n                        <\/div>\n                        <div class=\"pkg-full-detail-item\">\n                            <span class=\"pkg-detail-label\">\u041c\u0456\u043d\u0456\u043c\u0430\u043b\u044c\u043d\u0430 \u0441\u0443\u043c\u0430:<\/span>\n                            <span class=\"pkg-detail-value\">{{ formatCurrency(offer.amount_min) }}<\/span>\n                        <\/div>\n                        <div class=\"pkg-full-detail-item\">\n                            <span class=\"pkg-detail-label\">\u041c\u0430\u043a\u0441\u0438\u043c\u0430\u043b\u044c\u043d\u0430 \u0441\u0443\u043c\u0430:<\/span>\n                            <span class=\"pkg-detail-value\">{{ formatCurrency(offer.amount_max) }}<\/span>\n                        <\/div>\n                        <div class=\"pkg-full-detail-item\">\n                            <span class=\"pkg-detail-label\">\u041c\u0456\u043d\u0456\u043c\u0430\u043b\u044c\u043d\u0438\u0439 \u0442\u0435\u0440\u043c\u0456\u043d:<\/span>\n                            <span class=\"pkg-detail-value\">{{ offer.period_min }} \u043c\u0456\u0441\u044f\u0446\u0456\u0432.<\/span>\n                        <\/div>\n                        <div class=\"pkg-full-detail-item\">\n                            <span class=\"pkg-detail-label\">\u041c\u0430\u043a\u0441\u0438\u043c\u0430\u043b\u044c\u043d\u0438\u0439 \u0442\u0435\u0440\u043c\u0456\u043d:<\/span>\n                            <span class=\"pkg-detail-value\">{{ offer.period_max }} \u043c\u0456\u0441\u044f\u0446\u0456\u0432.<\/span>\n                        <\/div>\n                    <\/div>\n                    <div class=\"pkg-representative-example\" v-if=\"offer.representative_example\">\n                        <h4>\u0420\u0435\u043f\u0440\u0435\u0437\u0435\u043d\u0442\u0430\u0442\u0438\u0432\u043d\u0438\u0439 \u043f\u0440\u0438\u043a\u043b\u0430\u0434:<\/h4>\n                        <p>{{ offer.representative_example }}<\/p>\n                    <\/div>\n                    \n                    <div class=\"pkg-legal-disclaimers\">\n                        <h4>\u042e\u0440\u0438\u0434\u0438\u0447\u043d\u0456 \u0437\u0430\u0441\u0442\u0435\u0440\u0435\u0436\u0435\u043d\u043d\u044f:<\/h4>\n                        <p>\u0412\u0438\u043a\u043e\u0440\u0438\u0441\u0442\u0430\u043d\u043d\u044f \u043e\u043f\u0446\u0456\u0457 \"\u041f\u043e\u0434\u0430\u0442\u0438 \u0437\u0430\u044f\u0432\u043a\u0443\" \u043d\u0435 \u043e\u0437\u043d\u0430\u0447\u0430\u0454 \u0443\u043a\u043b\u0430\u0434\u0435\u043d\u043d\u044f \u0434\u043e\u0433\u043e\u0432\u043e\u0440\u0443 \u0437 \u0443\u0441\u0442\u0430\u043d\u043e\u0432\u043e\u044e, \u0449\u043e \u0440\u0435\u043a\u043b\u0430\u043c\u0443\u0454\u0442\u044c\u0441\u044f \u044f\u043a \u043a\u0440\u0435\u0434\u0438\u0442\u043e\u0440. \u041d\u0430\u0434\u0430\u043d\u043d\u044f \u043a\u0440\u0435\u0434\u0438\u0442\u0443\/\u043f\u043e\u0437\u0438\u043a\u0438 \u0437\u0430\u043b\u0435\u0436\u0438\u0442\u044c \u0432\u0456\u0434 \u0432\u0438\u043a\u043e\u043d\u0430\u043d\u043d\u044f \u0434\u043e\u0434\u0430\u0442\u043a\u043e\u0432\u0438\u0445 \u0432\u0438\u043c\u043e\u0433, \u044f\u043a\u0456 \u043c\u043e\u0436\u0443\u0442\u044c \u0431\u0443\u0442\u0438 \u0440\u043e\u0437\u043a\u0440\u0438\u0442\u0456 \u043d\u0430 \u0435\u0442\u0430\u043f\u0456 \u0431\u0435\u0437\u043f\u043e\u0441\u0435\u0440\u0435\u0434\u043d\u044c\u043e\u0433\u043e \u043a\u043e\u043d\u0442\u0430\u043a\u0442\u0443 \u0437 \u043a\u0440\u0435\u0434\u0438\u0442\u043e\u0440\u043e\u043c.<\/p>\n                        <p>PiggyBox \u043d\u0435 \u0454 \u0441\u0442\u043e\u0440\u043e\u043d\u043e\u044e \u043a\u0440\u0435\u0434\u0438\u0442\u043d\u043e\u0433\u043e \u0434\u043e\u0433\u043e\u0432\u043e\u0440\u0443, \u0430 \u043b\u0438\u0448\u0435 \u043d\u0430\u0434\u0430\u0454 \u043f\u043e\u0441\u043b\u0443\u0433\u0443 \u043f\u043e\u0441\u0435\u0440\u0435\u0434\u043d\u0438\u0446\u0442\u0432\u0430 \u0432 \u043e\u0442\u0440\u0438\u043c\u0430\u043d\u043d\u0456 \u0441\u043f\u043e\u0436\u0438\u0432\u0447\u043e\u0433\u043e \u043a\u0440\u0435\u0434\u0438\u0442\u0443.<\/p>\n                        <p>\u0412\u0438\u043d\u0430\u0433\u043e\u0440\u043e\u0434\u0430 \u043d\u0435 \u0441\u0442\u044f\u0433\u0443\u0454\u0442\u044c\u0441\u044f \u0437 \u043e\u0434\u0435\u0440\u0436\u0443\u0432\u0430\u0447\u0430 \u043f\u043e\u0441\u043b\u0443\u0433\u0438, \u0456 \u0442\u0430\u043a\u0430 \u0432\u0438\u043d\u0430\u0433\u043e\u0440\u043e\u0434\u0430 \u043d\u0430\u0434\u0445\u043e\u0434\u0438\u0442\u044c \u0431\u0435\u0437\u043f\u043e\u0441\u0435\u0440\u0435\u0434\u043d\u044c\u043e \u0432\u0456\u0434 \u043f\u043e\u0437\u0438\u043a\u043e\u0434\u0430\u0432\u0446\u044f \u0434\u043e PiggyBox \u044f\u043a \u043f\u043e\u0441\u0442\u0430\u0447\u0430\u043b\u044c\u043d\u0438\u043a\u0430 \u043f\u043e\u0441\u043b\u0443\u0433.<\/p>\n                    <\/div>\n                    \n                    <div class=\"pkg-full-details-actions\">\n                        <button class=\"pkg-select-button\" @click=\"selectOffer(offer)\">\n                            \u041f\u043e\u0434\u0430\u0442\u0438 \u0437\u0430\u044f\u0432\u043a\u0443\n                        <\/button>\n                        <button class=\"pkg-hide-details\" @click=\"toggleDetails(offer)\">\n                            <span>\u041f\u0440\u0438\u0445\u043e\u0432\u0430\u0442\u0438 \u0434\u0435\u0442\u0430\u043b\u0456<\/span>\n                            <span class=\"pkg-details-icon is-expanded\">\u25bc<\/span>\n                        <\/button>\n                    <\/div>\n                <\/div>\n            <\/div>\n        <\/div>\n    <\/div>\n    <\/div>\n\t\t\t\t\t\t<\/div>\n\t\t\t\t<\/div>\n\t\t\t\t\t<\/div>\n\t\t\t\t<\/div>\n\t\t<div class=\"elementor-element elementor-element-d4d1950 e-flex e-con-boxed e-con e-parent\" data-id=\"d4d1950\" data-element_type=\"container\">\n\t\t\t\t\t<div class=\"e-con-inner\">\n\t\t<div class=\"elementor-element elementor-element-ff8d2de e-flex e-con-boxed e-con e-child\" data-id=\"ff8d2de\" data-element_type=\"container\" data-settings=\"{&quot;background_background&quot;:&quot;classic&quot;}\">\n\t\t\t\t\t<div class=\"e-con-inner\">\n\t\t\t\t<div class=\"elementor-element elementor-element-315d9c3 elementor-widget elementor-widget-image-carousel\" data-id=\"315d9c3\" data-element_type=\"widget\" data-settings=\"{&quot;slides_to_show&quot;:&quot;5&quot;,&quot;slides_to_scroll&quot;:&quot;1&quot;,&quot;navigation&quot;:&quot;none&quot;,&quot;autoplay_speed&quot;:500,&quot;speed&quot;:7000,&quot;image_spacing_custom&quot;:{&quot;unit&quot;:&quot;px&quot;,&quot;size&quot;:53,&quot;sizes&quot;:[]},&quot;slides_to_show_tablet&quot;:&quot;4&quot;,&quot;slides_to_show_mobile&quot;:&quot;2&quot;,&quot;slides_to_scroll_tablet&quot;:&quot;1&quot;,&quot;slides_to_scroll_mobile&quot;:&quot;1&quot;,&quot;autoplay&quot;:&quot;yes&quot;,&quot;pause_on_hover&quot;:&quot;yes&quot;,&quot;pause_on_interaction&quot;:&quot;yes&quot;,&quot;infinite&quot;:&quot;yes&quot;,&quot;image_spacing_custom_tablet&quot;:{&quot;unit&quot;:&quot;px&quot;,&quot;size&quot;:&quot;&quot;,&quot;sizes&quot;:[]},&quot;image_spacing_custom_mobile&quot;:{&quot;unit&quot;:&quot;px&quot;,&quot;size&quot;:&quot;&quot;,&quot;sizes&quot;:[]}}\" data-widget_type=\"image-carousel.default\">\n\t\t\t\t<div class=\"elementor-widget-container\">\n\t\t\t\t\t\t\t<div class=\"elementor-image-carousel-wrapper swiper\" role=\"region\" aria-roledescription=\"carousel\" aria-label=\"\u041a\u0430\u0440\u0443\u0441\u0435\u043b\u044c \u0437\u043e\u0431\u0440\u0430\u0436\u0435\u043d\u044c\" dir=\"ltr\">\n\t\t\t<div class=\"elementor-image-carousel swiper-wrapper\" aria-live=\"off\">\n\t\t\t\t\t\t\t\t<div class=\"swiper-slide\" role=\"group\" aria-roledescription=\"slide\" aria-label=\"1 z 6\"><figure class=\"swiper-slide-inner\"><img decoding=\"async\" class=\"swiper-slide-image\" src=\"https:\/\/piggybox.pl\/wp-content\/uploads\/2025\/01\/6.png\" alt=\"6\" \/><\/figure><\/div><div class=\"swiper-slide\" role=\"group\" aria-roledescription=\"slide\" aria-label=\"2 z 6\"><figure class=\"swiper-slide-inner\"><img decoding=\"async\" class=\"swiper-slide-image\" src=\"https:\/\/piggybox.pl\/wp-content\/uploads\/2025\/01\/3.png\" alt=\"3\" \/><\/figure><\/div><div class=\"swiper-slide\" role=\"group\" aria-roledescription=\"slide\" aria-label=\"3 z 6\"><figure class=\"swiper-slide-inner\"><img decoding=\"async\" class=\"swiper-slide-image\" src=\"https:\/\/piggybox.pl\/wp-content\/uploads\/2025\/02\/0001593a5a141c.png\" alt=\"0001593a5a141c\" \/><\/figure><\/div><div class=\"swiper-slide\" role=\"group\" aria-roledescription=\"slide\" aria-label=\"4 z 6\"><figure class=\"swiper-slide-inner\"><img decoding=\"async\" class=\"swiper-slide-image\" src=\"https:\/\/piggybox.pl\/wp-content\/uploads\/2025\/02\/5069de044aa202.png\" alt=\"5069de044aa202\" \/><\/figure><\/div><div class=\"swiper-slide\" role=\"group\" aria-roledescription=\"slide\" aria-label=\"5 z 6\"><figure class=\"swiper-slide-inner\"><img decoding=\"async\" class=\"swiper-slide-image\" src=\"https:\/\/piggybox.pl\/wp-content\/uploads\/2025\/02\/a5dc51a7c0776f.png\" alt=\"a5dc51a7c0776f\" \/><\/figure><\/div><div class=\"swiper-slide\" role=\"group\" aria-roledescription=\"slide\" aria-label=\"6 z 6\"><figure class=\"swiper-slide-inner\"><img decoding=\"async\" class=\"swiper-slide-image\" src=\"https:\/\/piggybox.pl\/wp-content\/uploads\/2025\/02\/bb272715629068.png\" alt=\"bb272715629068\" \/><\/figure><\/div>\t\t\t<\/div>\n\t\t\t\t\t\t\t\n\t\t\t\t\t\t\t\t\t<\/div>\n\t\t\t\t\t\t<\/div>\n\t\t\t\t<\/div>\n\t\t\t\t\t<\/div>\n\t\t\t\t<\/div>\n\t\t\t\t\t<\/div>\n\t\t\t\t<\/div>\n\t\t\t\t<\/div>","protected":false},"excerpt":{"rendered":"<p>\u041a\u0440\u0435\u0434\u0438\u0442\u0438 \u0433\u043e\u0442\u0456\u0432\u043a\u043e\u044e<\/p>","protected":false},"author":1,"featured_media":0,"parent":0,"menu_order":0,"comment_status":"closed","ping_status":"closed","template":"","meta":{"_monsterinsights_skip_tracking":false,"_monsterinsights_sitenote_active":false,"_monsterinsights_sitenote_note":"","_monsterinsights_sitenote_category":0,"footnotes":""},"class_list":["post-125","page","type-page","status-publish","hentry"],"yoast_head":"<!-- This site is optimized with the Yoast SEO plugin v24.6 - https:\/\/yoast.com\/wordpress\/plugins\/seo\/ -->\n<title>Kredyty Got\u00f3wkowe Online: Por\u00f3wnanie Ofert<\/title>\n<meta name=\"description\" content=\"Por\u00f3wnaj kredyty got\u00f3wkowe online. Znajd\u017a najni\u017csze RRSO i raty! Por\u00f3wnaj oferty bank\u00f3w i wybierz kredyt online. Sprawd\u017a teraz!\" \/>\n<meta name=\"robots\" content=\"index, follow, max-snippet:-1, max-image-preview:large, max-video-preview:-1\" \/>\n<link rel=\"canonical\" href=\"https:\/\/piggybox.pl\/uk\/\" \/>\n<meta property=\"og:locale\" content=\"uk_UA\" \/>\n<meta property=\"og:type\" content=\"article\" \/>\n<meta property=\"og:title\" content=\"Kredyty Got\u00f3wkowe Online: Por\u00f3wnanie Ofert\" \/>\n<meta property=\"og:description\" content=\"Por\u00f3wnaj kredyty got\u00f3wkowe online. Znajd\u017a najni\u017csze RRSO i raty! Por\u00f3wnaj oferty bank\u00f3w i wybierz kredyt online. Sprawd\u017a teraz!\" \/>\n<meta property=\"og:url\" content=\"https:\/\/piggybox.pl\/uk\/\" \/>\n<meta property=\"og:site_name\" content=\"PiggyBox\" \/>\n<meta property=\"article:modified_time\" content=\"2025-04-08T12:52:02+00:00\" \/>\n<meta property=\"og:image\" content=\"https:\/\/piggybox.pl\/wp-content\/uploads\/2025\/01\/6.png\" \/>\n<meta name=\"twitter:card\" content=\"summary_large_image\" \/>\n<meta name=\"twitter:label1\" content=\"\u041f\u0440\u0438\u0431\u043b. \u0447\u0430\u0441 \u0447\u0438\u0442\u0430\u043d\u043d\u044f\" \/>\n\t<meta name=\"twitter:data1\" content=\"4 \u0445\u0432\u0438\u043b\u0438\u043d\u0438\" \/>\n<script type=\"application\/ld+json\" class=\"yoast-schema-graph\">{\"@context\":\"https:\/\/schema.org\",\"@graph\":[{\"@type\":\"WebPage\",\"@id\":\"https:\/\/piggybox.pl\/\",\"url\":\"https:\/\/piggybox.pl\/\",\"name\":\"Kredyty Got\u00f3wkowe Online: Por\u00f3wnanie Ofert\",\"isPartOf\":{\"@id\":\"https:\/\/piggybox.pl\/#website\"},\"primaryImageOfPage\":{\"@id\":\"https:\/\/piggybox.pl\/#primaryimage\"},\"image\":{\"@id\":\"https:\/\/piggybox.pl\/#primaryimage\"},\"thumbnailUrl\":\"https:\/\/piggybox.pl\/wp-content\/uploads\/2025\/01\/6.png\",\"datePublished\":\"2024-12-21T08:51:23+00:00\",\"dateModified\":\"2025-04-08T12:52:02+00:00\",\"description\":\"Por\u00f3wnaj kredyty got\u00f3wkowe online. Znajd\u017a najni\u017csze RRSO i raty! Por\u00f3wnaj oferty bank\u00f3w i wybierz kredyt online. Sprawd\u017a teraz!\",\"breadcrumb\":{\"@id\":\"https:\/\/piggybox.pl\/#breadcrumb\"},\"inLanguage\":\"uk\",\"potentialAction\":[{\"@type\":\"ReadAction\",\"target\":[\"https:\/\/piggybox.pl\/\"]}]},{\"@type\":\"ImageObject\",\"inLanguage\":\"uk\",\"@id\":\"https:\/\/piggybox.pl\/#primaryimage\",\"url\":\"https:\/\/piggybox.pl\/wp-content\/uploads\/2025\/01\/6.png\",\"contentUrl\":\"https:\/\/piggybox.pl\/wp-content\/uploads\/2025\/01\/6.png\"},{\"@type\":\"BreadcrumbList\",\"@id\":\"https:\/\/piggybox.pl\/#breadcrumb\",\"itemListElement\":[{\"@type\":\"ListItem\",\"position\":1,\"name\":\"Home\",\"item\":\"https:\/\/piggybox.pl\/\"},{\"@type\":\"ListItem\",\"position\":2,\"name\":\"Kredyty got\u00f3wkowe\"}]},{\"@type\":\"WebSite\",\"@id\":\"https:\/\/piggybox.pl\/#website\",\"url\":\"https:\/\/piggybox.pl\/\",\"name\":\"PiggyBox\",\"description\":\"\",\"publisher\":{\"@id\":\"https:\/\/piggybox.pl\/#organization\"},\"potentialAction\":[{\"@type\":\"SearchAction\",\"target\":{\"@type\":\"EntryPoint\",\"urlTemplate\":\"https:\/\/piggybox.pl\/?s={search_term_string}\"},\"query-input\":{\"@type\":\"PropertyValueSpecification\",\"valueRequired\":true,\"valueName\":\"search_term_string\"}}],\"inLanguage\":\"uk\"},{\"@type\":\"Organization\",\"@id\":\"https:\/\/piggybox.pl\/#organization\",\"name\":\"PiggyBox\",\"url\":\"https:\/\/piggybox.pl\/\",\"logo\":{\"@type\":\"ImageObject\",\"inLanguage\":\"uk\",\"@id\":\"https:\/\/piggybox.pl\/#\/schema\/logo\/image\/\",\"url\":\"https:\/\/piggybox.pl\/wp-content\/uploads\/2025\/01\/logo.png\",\"contentUrl\":\"https:\/\/piggybox.pl\/wp-content\/uploads\/2025\/01\/logo.png\",\"width\":863,\"height\":737,\"caption\":\"PiggyBox\"},\"image\":{\"@id\":\"https:\/\/piggybox.pl\/#\/schema\/logo\/image\/\"}}]}<\/script>\n<!-- \/ Yoast SEO plugin. -->","yoast_head_json":{"title":"Kredyty Got\u00f3wkowe Online: Por\u00f3wnanie Ofert","description":"Por\u00f3wnaj kredyty got\u00f3wkowe online. Znajd\u017a najni\u017csze RRSO i raty! Por\u00f3wnaj oferty bank\u00f3w i wybierz kredyt online. Sprawd\u017a teraz!","robots":{"index":"index","follow":"follow","max-snippet":"max-snippet:-1","max-image-preview":"max-image-preview:large","max-video-preview":"max-video-preview:-1"},"canonical":"https:\/\/piggybox.pl\/uk\/","og_locale":"uk_UA","og_type":"article","og_title":"Kredyty Got\u00f3wkowe Online: Por\u00f3wnanie Ofert","og_description":"Por\u00f3wnaj kredyty got\u00f3wkowe online. Znajd\u017a najni\u017csze RRSO i raty! Por\u00f3wnaj oferty bank\u00f3w i wybierz kredyt online. Sprawd\u017a teraz!","og_url":"https:\/\/piggybox.pl\/uk\/","og_site_name":"PiggyBox","article_modified_time":"2025-04-08T12:52:02+00:00","og_image":[{"url":"https:\/\/piggybox.pl\/wp-content\/uploads\/2025\/01\/6.png","type":"","width":"","height":""}],"twitter_card":"summary_large_image","twitter_misc":{"\u041f\u0440\u0438\u0431\u043b. \u0447\u0430\u0441 \u0447\u0438\u0442\u0430\u043d\u043d\u044f":"4 \u0445\u0432\u0438\u043b\u0438\u043d\u0438"},"schema":{"@context":"https:\/\/schema.org","@graph":[{"@type":"WebPage","@id":"https:\/\/piggybox.pl\/","url":"https:\/\/piggybox.pl\/","name":"Kredyty Got\u00f3wkowe Online: Por\u00f3wnanie Ofert","isPartOf":{"@id":"https:\/\/piggybox.pl\/#website"},"primaryImageOfPage":{"@id":"https:\/\/piggybox.pl\/#primaryimage"},"image":{"@id":"https:\/\/piggybox.pl\/#primaryimage"},"thumbnailUrl":"https:\/\/piggybox.pl\/wp-content\/uploads\/2025\/01\/6.png","datePublished":"2024-12-21T08:51:23+00:00","dateModified":"2025-04-08T12:52:02+00:00","description":"Por\u00f3wnaj kredyty got\u00f3wkowe online. Znajd\u017a najni\u017csze RRSO i raty! Por\u00f3wnaj oferty bank\u00f3w i wybierz kredyt online. Sprawd\u017a teraz!","breadcrumb":{"@id":"https:\/\/piggybox.pl\/#breadcrumb"},"inLanguage":"uk","potentialAction":[{"@type":"ReadAction","target":["https:\/\/piggybox.pl\/"]}]},{"@type":"ImageObject","inLanguage":"uk","@id":"https:\/\/piggybox.pl\/#primaryimage","url":"https:\/\/piggybox.pl\/wp-content\/uploads\/2025\/01\/6.png","contentUrl":"https:\/\/piggybox.pl\/wp-content\/uploads\/2025\/01\/6.png"},{"@type":"BreadcrumbList","@id":"https:\/\/piggybox.pl\/#breadcrumb","itemListElement":[{"@type":"ListItem","position":1,"name":"Home","item":"https:\/\/piggybox.pl\/"},{"@type":"ListItem","position":2,"name":"Kredyty got\u00f3wkowe"}]},{"@type":"WebSite","@id":"https:\/\/piggybox.pl\/#website","url":"https:\/\/piggybox.pl\/","name":"PiggyBox","description":"","publisher":{"@id":"https:\/\/piggybox.pl\/#organization"},"potentialAction":[{"@type":"SearchAction","target":{"@type":"EntryPoint","urlTemplate":"https:\/\/piggybox.pl\/?s={search_term_string}"},"query-input":{"@type":"PropertyValueSpecification","valueRequired":true,"valueName":"search_term_string"}}],"inLanguage":"uk"},{"@type":"Organization","@id":"https:\/\/piggybox.pl\/#organization","name":"PiggyBox","url":"https:\/\/piggybox.pl\/","logo":{"@type":"ImageObject","inLanguage":"uk","@id":"https:\/\/piggybox.pl\/#\/schema\/logo\/image\/","url":"https:\/\/piggybox.pl\/wp-content\/uploads\/2025\/01\/logo.png","contentUrl":"https:\/\/piggybox.pl\/wp-content\/uploads\/2025\/01\/logo.png","width":863,"height":737,"caption":"PiggyBox"},"image":{"@id":"https:\/\/piggybox.pl\/#\/schema\/logo\/image\/"}}]}},"_links":{"self":[{"href":"https:\/\/piggybox.pl\/uk\/wp-json\/wp\/v2\/pages\/125","targetHints":{"allow":["GET"]}}],"collection":[{"href":"https:\/\/piggybox.pl\/uk\/wp-json\/wp\/v2\/pages"}],"about":[{"href":"https:\/\/piggybox.pl\/uk\/wp-json\/wp\/v2\/types\/page"}],"author":[{"embeddable":true,"href":"https:\/\/piggybox.pl\/uk\/wp-json\/wp\/v2\/users\/1"}],"replies":[{"embeddable":true,"href":"https:\/\/piggybox.pl\/uk\/wp-json\/wp\/v2\/comments?post=125"}],"version-history":[{"count":65,"href":"https:\/\/piggybox.pl\/uk\/wp-json\/wp\/v2\/pages\/125\/revisions"}],"predecessor-version":[{"id":1298,"href":"https:\/\/piggybox.pl\/uk\/wp-json\/wp\/v2\/pages\/125\/revisions\/1298"}],"wp:attachment":[{"href":"https:\/\/piggybox.pl\/uk\/wp-json\/wp\/v2\/media?parent=125"}],"curies":[{"name":"wp","href":"https:\/\/api.w.org\/{rel}","templated":true}]}}